{"id":13,"date":"2014-02-04T14:42:19","date_gmt":"2014-02-04T13:42:19","guid":{"rendered":"http:\/\/www.karate-budo-bergerac.fr\/?page_id=13"},"modified":"2025-10-07T15:40:35","modified_gmt":"2025-10-07T13:40:35","slug":"les-prix","status":"publish","type":"page","link":"https:\/\/www.karate-budo-bergerac.fr\/?page_id=13","title":{"rendered":"Les prix"},"content":{"rendered":"<p><strong><span style=\"text-decoration: underline;\">Les prix de l&rsquo;inscription pour la saison 2025\/ 2026 (licence+assurance+cotisation du club)<\/span><\/strong><\/p>\n<ul>\n<li>1 cours par semaine &#8211; Enfants d\u00e9butants = <strong>130 \u20ac<\/strong><\/li>\n<li>2 cours par semaine &#8211; Enfants grad\u00e9s = <strong>150 \u20ac<\/strong><\/li>\n<li>Tous cours pour Etudiants = <strong>150 \u20ac<\/strong><\/li>\n<li>3 cours par semaines &#8211; Adultes (&gt;14 ans) \u00a0=<strong>185\u20ac\u00a0<\/strong><\/li>\n<li>Occasionnels ext. (tous cours) = <strong>95 \u20ac<\/strong>.<\/li>\n<\/ul>\n<p>Vous avez deux cours d&rsquo;essai gratuit.<\/p>\n<p>Nous sommes partenaire de l&rsquo;op\u00e9ration PASS SPORT (-70 euros sur les prix indiqu\u00e9s ci-dessus pour enfants de 14 \u00e0 18 ans)<\/p>\n<p><strong>A partir de 2 personnes d&rsquo;une m\u00eame famille une remise de 10 euros est consentie et 20 euros pour 3\u00e8me membre de la famille.<\/strong><\/p>\n<p><a href=\"http:\/\/www.karate-budo-bergerac.fr\/\"> Retour \u00e0 la page d&rsquo;accueil <\/a><\/p>\n<div style=\"padding-bottom:20px; padding-top:10px;\" class=\"hupso-share-buttons\"><!-- Hupso Share Buttons - https:\/\/www.hupso.com\/share\/ --><a class=\"hupso_toolbar\" href=\"https:\/\/www.hupso.com\/share\/\"><img decoding=\"async\" src=\"https:\/\/static.hupso.com\/share\/buttons\/lang\/fr\/share.png\" style=\"border:0px; padding-top: 5px; float:left;\" alt=\"Share Button\"\/><\/a><script type=\"text\/javascript\">var hupso_services_t=new Array();var hupso_background_t=\"#EAF4FF\";var hupso_border_t=\"#66CCFF\";var hupso_toolbar_size_t=\"big\";var hupso_image_folder_url = \"\";var hupso_url_t=\"\";var hupso_title_t=\"Les%20prix\";<\/script><script type=\"text\/javascript\" src=\"https:\/\/static.hupso.com\/share\/js\/share_toolbar.js\"><\/script><!-- Hupso Share Buttons --><\/div>","protected":false},"excerpt":{"rendered":"<p>Les prix de l&rsquo;inscription pour la saison 2025\/ 2026 (licence+assurance+cotisation du club) 1 cours par semaine &#8211; Enfants d\u00e9butants = 130 \u20ac 2 cours par semaine &#8211; Enfants grad\u00e9s = 150 \u20ac Tous cours pour Etudiants = 150 \u20ac 3 cours par semaines &#8211; Adultes (&gt;14 ans) \u00a0=185\u20ac\u00a0 Occasionnels ext. (tous cours) = 95 \u20ac. &hellip; <a href=\"https:\/\/www.karate-budo-bergerac.fr\/?page_id=13\" class=\"more-link\">Continuer la lecture de <span class=\"screen-reader-text\">Les prix<\/span>  <span class=\"meta-nav\">&rarr;<\/span><\/a><\/p>\n<div style=\"padding-bottom:20px; padding-top:10px;\" class=\"hupso-share-buttons\"><!-- Hupso Share Buttons - https:\/\/www.hupso.com\/share\/ --><a class=\"hupso_toolbar\" href=\"https:\/\/www.hupso.com\/share\/\"><img src=\"https:\/\/static.hupso.com\/share\/buttons\/lang\/fr\/share.png\" style=\"border:0px; padding-top: 5px; float:left;\" alt=\"Share Button\"\/><\/a><script type=\"text\/javascript\">var hupso_services_t=new Array();var hupso_background_t=\"#EAF4FF\";var hupso_border_t=\"#66CCFF\";var hupso_toolbar_size_t=\"big\";var hupso_image_folder_url = \"\";var hupso_url_t=\"\";var hupso_title_t=\"Les%20prix\";<\/script><script type=\"text\/javascript\" src=\"https:\/\/static.hupso.com\/share\/js\/share_toolbar.js\"><\/script><!-- Hupso Share Buttons --><\/div>","protected":false},"author":1,"featured_media":0,"parent":0,"menu_order":0,"comment_status":"closed","ping_status":"open","template":"","meta":{"footnotes":""},"class_list":["post-13","page","type-page","status-publish","hentry"],"_links":{"self":[{"href":"https:\/\/www.karate-budo-bergerac.fr\/index.php?rest_route=\/wp\/v2\/pages\/13","targetHints":{"allow":["GET"]}}],"collection":[{"href":"https:\/\/www.karate-budo-bergerac.fr\/index.php?rest_route=\/wp\/v2\/pages"}],"about":[{"href":"https:\/\/www.karate-budo-bergerac.fr\/index.php?rest_route=\/wp\/v2\/types\/page"}],"author":[{"embeddable":true,"href":"https:\/\/www.karate-budo-bergerac.fr\/index.php?rest_route=\/wp\/v2\/users\/1"}],"replies":[{"embeddable":true,"href":"https:\/\/www.karate-budo-bergerac.fr\/index.php?rest_route=%2Fwp%2Fv2%2Fcomments&post=13"}],"version-history":[{"count":21,"href":"https:\/\/www.karate-budo-bergerac.fr\/index.php?rest_route=\/wp\/v2\/pages\/13\/revisions"}],"predecessor-version":[{"id":439,"href":"https:\/\/www.karate-budo-bergerac.fr\/index.php?rest_route=\/wp\/v2\/pages\/13\/revisions\/439"}],"wp:attachment":[{"href":"https:\/\/www.karate-budo-bergerac.fr\/index.php?rest_route=%2Fwp%2Fv2%2Fmedia&parent=13"}],"curies":[{"name":"wp","href":"https:\/\/api.w.org\/{rel}","templated":true}]}}